{"id":806,"date":"2012-09-13T19:44:42","date_gmt":"2012-09-13T18:44:42","guid":{"rendered":"http:\/\/praxis-globulino.de.w01a9789.kasserver.com\/?page_id=806"},"modified":"2021-01-08T21:04:40","modified_gmt":"2021-01-08T20:04:40","slug":"meine-vita","status":"publish","type":"page","link":"https:\/\/praxis-globulino.de\/?page_id=806","title":{"rendered":"meine Vita"},"content":{"rendered":"<h2><a href=\"https:\/\/praxis-globulino.de\/wp-content\/uploads\/2012\/10\/Bild.jpg\"><img loading=\"lazy\" decoding=\"async\" class=\"alignleft size-thumbnail wp-image-976\" title=\"CF\" src=\"https:\/\/praxis-globulino.de\/wp-content\/uploads\/2012\/10\/Bild-150x150.jpg\" alt=\"\" width=\"150\" height=\"150\" \/><\/a><\/h2>\n<h2><\/h2>\n<h2>Cornelia M. Frey, geboren 1969<\/h2>\n<h3>verheiratet, ein Sohn<\/h3>\n<p>&nbsp;<\/p>\n<p>&nbsp;<\/p>\n<p>&nbsp;<\/p>\n<ul>\n<li>Grundschule in Rosenheim und Abitur am humanistischen Gymnasium in Hamburg<\/li>\n<li>Ausbildung zur staatlich examinierten Krankenschwester in M\u00fcnchen<\/li>\n<li>Ausbildung zur staatlich examinierten Rettungsassistentin in M\u00fcnchen<\/li>\n<li>Rettungsassistentin in M\u00fcnchen und Stuttgart<\/li>\n<li>Ausbildung zur staatlich gepr\u00fcften Heilpraktikerin, Thalamusschule Stuttgart<\/li>\n<li>Ausbildung zur Kinderheilpraktikerin &#8211; Fachtherapeutin f\u00fcr naturgem\u00e4\u00dfe Kinderheilkunde, Paracelsusschule Stuttgart<\/li>\n<li>Ausbildung zur metabolic balance Betreuerin in Isen<\/li>\n<li>Ausbildung zur klassischen Hom\u00f6opathin, Hom\u00f6opathie Schule T\u00fcbingen<\/li>\n<li>Eigene Praxis f\u00fcr Klassische Hom\u00f6opathie und Ern\u00e4hrungsberatung in Waiblingen, Rems bei Stuttgart<\/li>\n<\/ul>\n<p>&nbsp;<\/p>\n","protected":false},"excerpt":{"rendered":"<p>Cornelia M. Frey, geboren 1969 verheiratet, ein Sohn &nbsp; &nbsp; &nbsp; Grundschule in Rosenheim und Abitur am humanistischen Gymnasium in Hamburg Ausbildung zur staatlich examinierten Krankenschwester in M\u00fcnchen Ausbildung zur staatlich examinierten Rettungsassistentin in M\u00fcnchen Rettungsassistentin in M\u00fcnchen und Stuttgart Ausbildung zur staatlich gepr\u00fcften Heilpraktikerin, Thalamusschule Stuttgart Ausbildung zur Kinderheilpraktikerin &#8211; Fachtherapeutin f\u00fcr naturgem\u00e4\u00dfe Kinderheilkunde, [&hellip;]<\/p>\n","protected":false},"author":2,"featured_media":0,"parent":817,"menu_order":2,"comment_status":"open","ping_status":"closed","template":"page-full.php","meta":{"_et_pb_use_builder":"","_et_pb_old_content":"","_et_gb_content_width":"","footnotes":""},"class_list":["post-806","page","type-page","status-publish","hentry"],"_links":{"self":[{"href":"https:\/\/praxis-globulino.de\/index.php?rest_route=\/wp\/v2\/pages\/806","targetHints":{"allow":["GET"]}}],"collection":[{"href":"https:\/\/praxis-globulino.de\/index.php?rest_route=\/wp\/v2\/pages"}],"about":[{"href":"https:\/\/praxis-globulino.de\/index.php?rest_route=\/wp\/v2\/types\/page"}],"author":[{"embeddable":true,"href":"https:\/\/praxis-globulino.de\/index.php?rest_route=\/wp\/v2\/users\/2"}],"replies":[{"embeddable":true,"href":"https:\/\/praxis-globulino.de\/index.php?rest_route=%2Fwp%2Fv2%2Fcomments&post=806"}],"version-history":[{"count":23,"href":"https:\/\/praxis-globulino.de\/index.php?rest_route=\/wp\/v2\/pages\/806\/revisions"}],"predecessor-version":[{"id":1923,"href":"https:\/\/praxis-globulino.de\/index.php?rest_route=\/wp\/v2\/pages\/806\/revisions\/1923"}],"up":[{"embeddable":true,"href":"https:\/\/praxis-globulino.de\/index.php?rest_route=\/wp\/v2\/pages\/817"}],"wp:attachment":[{"href":"https:\/\/praxis-globulino.de\/index.php?rest_route=%2Fwp%2Fv2%2Fmedia&parent=806"}],"curies":[{"name":"wp","href":"https:\/\/api.w.org\/{rel}","templated":true}]}}