{"id":774,"date":"2011-04-19T16:46:55","date_gmt":"2011-04-19T15:46:55","guid":{"rendered":"http:\/\/localhost\/wp3_rc\/mycuisine\/?page_id=774"},"modified":"2021-01-08T21:38:37","modified_gmt":"2021-01-08T20:38:37","slug":"ernahrung","status":"publish","type":"page","link":"https:\/\/praxis-globulino.de\/?page_id=774","title":{"rendered":"Ern\u00e4hrung"},"content":{"rendered":"<p style=\"text-align: justify;\"><a title=\"metabolic balance\" href=\"http:\/\/de.metabolic-balance.com\/\" target=\"_blank\" rel=\"noopener\"><img loading=\"lazy\" decoding=\"async\" class=\"alignleft size-full wp-image-998\" title=\"metabolic-balance\" src=\"https:\/\/praxis-globulino.de\/wp-content\/uploads\/2012\/10\/metabolic-balance-logo-1.png\" alt=\"\" width=\"199\" height=\"56\" \/><\/a>metabolic balance\u00ae ist ein individuelles Ern\u00e4hrungskonzept, \u00e4rztlich und wissenschaftlich fundiert, das durch die Umstellung des Stoffwechsels positive Auswirkungen auf Lebensqualit\u00e4t, Labordaten und Gesundheit hat.<\/p>\n<p>Dieses abgestufte Programm f\u00fchrt in vier Phasen zu gesunder Lebensf\u00fchrung. Grundlage ist ein pers\u00f6nlicher Plan, der auf Grund von pers\u00f6nlichen Angaben, K\u00f6rperma\u00dfen und Laborwerten\u00a0 erstellt\u00a0 wird. Dabei wird auch auf pers\u00f6nliche\u00a0 Abneigungen\u00a0 und\u00a0 Vorlieben R\u00fccksicht genommen.<\/p>\n<p><strong>Als gepr\u00fcfte Betreuerin k\u00f6nnen Sie in meiner Praxis Ihren pers\u00f6nlichen Ern\u00e4hrungsplan erhalten. Ich betreue und berate Sie nach Ihren individuellen Bed\u00fcrfnissen vor, w\u00e4hrend und nach der Gewichtsreduktion.<\/strong><\/p>\n","protected":false},"excerpt":{"rendered":"<p>metabolic balance\u00ae ist ein individuelles Ern\u00e4hrungskonzept, \u00e4rztlich und wissenschaftlich fundiert, das durch die Umstellung des Stoffwechsels positive Auswirkungen auf Lebensqualit\u00e4t, Labordaten und Gesundheit hat. Dieses abgestufte Programm f\u00fchrt in vier Phasen zu gesunder Lebensf\u00fchrung. Grundlage ist ein pers\u00f6nlicher Plan, der auf Grund von pers\u00f6nlichen Angaben, K\u00f6rperma\u00dfen und Laborwerten\u00a0 erstellt\u00a0 wird. Dabei wird auch auf pers\u00f6nliche\u00a0 [&hellip;]<\/p>\n","protected":false},"author":2,"featured_media":0,"parent":0,"menu_order":4,"comment_status":"open","ping_status":"closed","template":"page-full.php","meta":{"_et_pb_use_builder":"","_et_pb_old_content":"","_et_gb_content_width":"","footnotes":""},"class_list":["post-774","page","type-page","status-publish","hentry"],"_links":{"self":[{"href":"https:\/\/praxis-globulino.de\/index.php?rest_route=\/wp\/v2\/pages\/774","targetHints":{"allow":["GET"]}}],"collection":[{"href":"https:\/\/praxis-globulino.de\/index.php?rest_route=\/wp\/v2\/pages"}],"about":[{"href":"https:\/\/praxis-globulino.de\/index.php?rest_route=\/wp\/v2\/types\/page"}],"author":[{"embeddable":true,"href":"https:\/\/praxis-globulino.de\/index.php?rest_route=\/wp\/v2\/users\/2"}],"replies":[{"embeddable":true,"href":"https:\/\/praxis-globulino.de\/index.php?rest_route=%2Fwp%2Fv2%2Fcomments&post=774"}],"version-history":[{"count":21,"href":"https:\/\/praxis-globulino.de\/index.php?rest_route=\/wp\/v2\/pages\/774\/revisions"}],"predecessor-version":[{"id":1933,"href":"https:\/\/praxis-globulino.de\/index.php?rest_route=\/wp\/v2\/pages\/774\/revisions\/1933"}],"wp:attachment":[{"href":"https:\/\/praxis-globulino.de\/index.php?rest_route=%2Fwp%2Fv2%2Fmedia&parent=774"}],"curies":[{"name":"wp","href":"https:\/\/api.w.org\/{rel}","templated":true}]}}