{"id":724,"date":"2010-09-15T05:33:46","date_gmt":"2010-09-15T04:33:46","guid":{"rendered":"http:\/\/elegantthemes.com\/preview\/DeepFocus\/?page_id=2"},"modified":"2021-01-08T21:05:01","modified_gmt":"2021-01-08T20:05:01","slug":"praxis","status":"publish","type":"page","link":"https:\/\/praxis-globulino.de\/?page_id=724","title":{"rendered":"Praxis"},"content":{"rendered":"<p><strong>In meiner Heilpraktiker-Praxis in Waiblingen bei Stuttgart richte ich mich mit meinen Sprechzeiten ganz nach Ihnen!<\/strong><\/p>\n<p>Bitte vereinbaren Sie daher mit mir einen individuellen Termin. Dann habe ich gen\u00fcgend Zeit um Sie eingehend zu beraten, Ihnen einen ganz pers\u00f6nlichen Behandlungsvorschlag zu empfehlen und entsprechen auch durchzuf\u00fchren.<\/p>\n","protected":false},"excerpt":{"rendered":"<p>In meiner Heilpraktiker-Praxis in Waiblingen bei Stuttgart richte ich mich mit meinen Sprechzeiten ganz nach Ihnen! Bitte vereinbaren Sie daher mit mir einen individuellen Termin. Dann habe ich gen\u00fcgend Zeit um Sie eingehend zu beraten, Ihnen einen ganz pers\u00f6nlichen Behandlungsvorschlag zu empfehlen und entsprechen auch durchzuf\u00fchren.<\/p>\n","protected":false},"author":2,"featured_media":0,"parent":817,"menu_order":3,"comment_status":"open","ping_status":"closed","template":"page-full.php","meta":{"_et_pb_use_builder":"","_et_pb_old_content":"","_et_gb_content_width":"","footnotes":""},"class_list":["post-724","page","type-page","status-publish","hentry"],"_links":{"self":[{"href":"https:\/\/praxis-globulino.de\/index.php?rest_route=\/wp\/v2\/pages\/724","targetHints":{"allow":["GET"]}}],"collection":[{"href":"https:\/\/praxis-globulino.de\/index.php?rest_route=\/wp\/v2\/pages"}],"about":[{"href":"https:\/\/praxis-globulino.de\/index.php?rest_route=\/wp\/v2\/types\/page"}],"author":[{"embeddable":true,"href":"https:\/\/praxis-globulino.de\/index.php?rest_route=\/wp\/v2\/users\/2"}],"replies":[{"embeddable":true,"href":"https:\/\/praxis-globulino.de\/index.php?rest_route=%2Fwp%2Fv2%2Fcomments&post=724"}],"version-history":[{"count":18,"href":"https:\/\/praxis-globulino.de\/index.php?rest_route=\/wp\/v2\/pages\/724\/revisions"}],"predecessor-version":[{"id":1924,"href":"https:\/\/praxis-globulino.de\/index.php?rest_route=\/wp\/v2\/pages\/724\/revisions\/1924"}],"up":[{"embeddable":true,"href":"https:\/\/praxis-globulino.de\/index.php?rest_route=\/wp\/v2\/pages\/817"}],"wp:attachment":[{"href":"https:\/\/praxis-globulino.de\/index.php?rest_route=%2Fwp%2Fv2%2Fmedia&parent=724"}],"curies":[{"name":"wp","href":"https:\/\/api.w.org\/{rel}","templated":true}]}}